{"id":150,"date":"2024-11-07T02:17:30","date_gmt":"2024-11-07T02:17:30","guid":{"rendered":"https:\/\/peaceful-ellis.50-21-179-145.plesk.page\/?page_id=150"},"modified":"2024-12-23T21:10:39","modified_gmt":"2024-12-23T21:10:39","slug":"quienes-somos","status":"publish","type":"page","link":"https:\/\/peaceful-ellis.50-21-179-145.plesk.page\/?page_id=150","title":{"rendered":"\u00bfQui\u00e9nes somos?"},"content":{"rendered":"\t\t<div data-elementor-type=\"wp-page\" data-elementor-id=\"150\" class=\"elementor elementor-150\" data-elementor-post-type=\"page\">\n\t\t\t\t<div class=\"elementor-element elementor-element-70c39e8e e-flex e-con-boxed e-con e-parent\" data-id=\"70c39e8e\" data-element_type=\"container\" id=\"sesgo\" data-settings=\"{&quot;background_background&quot;:&quot;classic&quot;}\">\n\t\t\t\t\t<div class=\"e-con-inner\">\n\t\t\t\t<div class=\"elementor-element elementor-element-5308821 elementor-widget elementor-widget-spacer\" data-id=\"5308821\" data-element_type=\"widget\" data-widget_type=\"spacer.default\">\n\t\t\t\t<div class=\"elementor-widget-container\">\n\t\t\t\t\t<div class=\"elementor-spacer\">\n\t\t\t<div class=\"elementor-spacer-inner\"><\/div>\n\t\t<\/div>\n\t\t\t\t<\/div>\n\t\t\t\t<\/div>\n\t\t\t\t\t<\/div>\n\t\t\t\t<\/div>\n\t\t<div class=\"elementor-element elementor-element-95e52c0 e-flex e-con-boxed e-con e-parent\" data-id=\"95e52c0\" data-element_type=\"container\" data-settings=\"{&quot;background_background&quot;:&quot;classic&quot;}\">\n\t\t\t\t\t<div class=\"e-con-inner\">\n\t\t\t\t<div class=\"elementor-element elementor-element-6f5440e3 elementor-widget elementor-widget-text-editor\" data-id=\"6f5440e3\" data-element_type=\"widget\" data-widget_type=\"text-editor.default\">\n\t\t\t\t<div class=\"elementor-widget-container\">\n\t\t\t\t\t\t\t<div>\u00a0\u00bfQui\u00e9nes Somos?<\/div>\t\t\t\t\t\t<\/div>\n\t\t\t\t<\/div>\n\t\t\t\t<div class=\"elementor-element elementor-element-7beaa55d elementor-widget elementor-widget-text-editor\" data-id=\"7beaa55d\" data-element_type=\"widget\" data-widget_type=\"text-editor.default\">\n\t\t\t\t<div class=\"elementor-widget-container\">\n\t\t\t\t\t\t\t<div>Profesionalizaci\u00f3n de la pr\u00e1ctica y ense\u00f1anza del Pilates en M\u00e9xico para mejorar la vida de muchas personas a trav\u00e9s de programas educativos de alta calidad, basados en la ciencia y las \u00faltimas tendencias del entrenamiento deportivo.<\/div>\t\t\t\t\t\t<\/div>\n\t\t\t\t<\/div>\n\t\t\t\t\t<\/div>\n\t\t\t\t<\/div>\n\t\t<div class=\"elementor-element elementor-element-905c614 e-flex e-con-boxed e-con e-parent\" data-id=\"905c614\" data-element_type=\"container\" data-settings=\"{&quot;background_background&quot;:&quot;classic&quot;}\">\n\t\t\t\t\t<div class=\"e-con-inner\">\n\t\t<div class=\"elementor-element elementor-element-519c8c8 e-flex e-con-boxed e-con e-child\" data-id=\"519c8c8\" data-element_type=\"container\">\n\t\t\t\t\t<div class=\"e-con-inner\">\n\t\t<div class=\"elementor-element elementor-element-69675fe e-con-full e-flex e-con e-child\" data-id=\"69675fe\" data-element_type=\"container\" data-settings=\"{&quot;background_background&quot;:&quot;classic&quot;}\">\n\t\t\t\t<div class=\"elementor-element elementor-element-633a5f84 elementor-widget elementor-widget-text-editor\" data-id=\"633a5f84\" data-element_type=\"widget\" data-widget_type=\"text-editor.default\">\n\t\t\t\t<div class=\"elementor-widget-container\">\n\t\t\t\t\t\t\t<div><img decoding=\"async\" class=\"size-full wp-image-316 aligncenter\" src=\"https:\/\/peaceful-ellis.50-21-179-145.plesk.page\/wp-content\/uploads\/2024\/11\/Ellipse-4.png\" alt=\"\" width=\"160\" height=\"160\" srcset=\"https:\/\/peaceful-ellis.50-21-179-145.plesk.page\/wp-content\/uploads\/2024\/11\/Ellipse-4.png 160w, https:\/\/peaceful-ellis.50-21-179-145.plesk.page\/wp-content\/uploads\/2024\/11\/Ellipse-4-150x150.png 150w\" sizes=\"(max-width: 160px) 100vw, 160px\" \/><\/div><p>\u00a0<\/p><p style=\"text-align: center;\">MARIA LUISA PADILLA LUNA<\/p><p style=\"text-align: center;\">(MARIA CAPPELLETTI)<\/p>\t\t\t\t\t\t<\/div>\n\t\t\t\t<\/div>\n\t\t\t\t<div class=\"elementor-element elementor-element-aeacdb8 elementor-widget-divider--view-line elementor-widget elementor-widget-divider\" data-id=\"aeacdb8\" data-element_type=\"widget\" data-widget_type=\"divider.default\">\n\t\t\t\t<div class=\"elementor-widget-container\">\n\t\t\t\t\t<div class=\"elementor-divider\">\n\t\t\t<span class=\"elementor-divider-separator\">\n\t\t\t\t\t\t<\/span>\n\t\t<\/div>\n\t\t\t\t<\/div>\n\t\t\t\t<\/div>\n\t\t\t\t<\/div>\n\t\t<div class=\"elementor-element elementor-element-b941de4 e-con-full e-flex e-con e-child\" data-id=\"b941de4\" data-element_type=\"container\">\n\t\t\t\t<div class=\"elementor-element elementor-element-ba2c618 elementor-widget elementor-widget-text-editor\" data-id=\"ba2c618\" data-element_type=\"widget\" data-widget_type=\"text-editor.default\">\n\t\t\t\t<div class=\"elementor-widget-container\">\n\t\t\t\t\t\t\t<p style=\"text-align: justify;\">Licenciada en Psicolog\u00eda por la UNAM.<\/p><p>Cuenta con m\u00e1s de 20 a\u00f1os de experiencia como instructora del M\u00e9todo Pilates y flexibilidad. Asimismo, es formadora de instructores IT (Instructor Trainer) del M\u00e9todo Pilates desde el 2018 con la empresa Merrithew en la formaci\u00f3n de Stott Pilates.<\/p><p style=\"text-align: justify;\">Como actriz y bailarina, ha participado por m\u00e1s de 20 a\u00f1os\u00a0 en diferentes montajes de teatro, danza y circo con diferentes compa\u00f1\u00edas como la Compa\u00f1\u00eda de Ballet Independiente y la Compa\u00f1\u00eda San Juan de Letr\u00e1n.<\/p><p style=\"text-align: justify;\">Semblanza en el sitio de Merrithew:<\/p><p style=\"text-align: justify;\"><span style=\"text-decoration: underline;\"><a style=\"text-align: justify; color: #000000; text-decoration: underline;\">https:\/\/www.merrithew.com\/instructor-training\/bios\/maria-luisa-padilla-luna<\/a><\/span><\/p>\t\t\t\t\t\t<\/div>\n\t\t\t\t<\/div>\n\t\t\t\t<\/div>\n\t\t\t\t\t<\/div>\n\t\t\t\t<\/div>\n\t\t\t\t\t<\/div>\n\t\t\t\t<\/div>\n\t\t<div class=\"elementor-element elementor-element-3635b46 e-flex e-con-boxed e-con e-parent\" data-id=\"3635b46\" data-element_type=\"container\" data-settings=\"{&quot;background_background&quot;:&quot;classic&quot;}\">\n\t\t\t\t\t<div class=\"e-con-inner\">\n\t\t<div class=\"elementor-element elementor-element-20fc8a5 e-flex e-con-boxed e-con e-child\" data-id=\"20fc8a5\" data-element_type=\"container\">\n\t\t\t\t\t<div class=\"e-con-inner\">\n\t\t<div class=\"elementor-element elementor-element-74d558c e-con-full e-flex e-con e-child\" data-id=\"74d558c\" data-element_type=\"container\">\n\t\t\t\t<\/div>\n\t\t<div class=\"elementor-element elementor-element-8ddc11b e-con-full e-flex e-con e-child\" data-id=\"8ddc11b\" data-element_type=\"container\" data-settings=\"{&quot;background_background&quot;:&quot;classic&quot;}\">\n\t\t\t\t<\/div>\n\t\t<div class=\"elementor-element elementor-element-35759f1 e-con-full e-flex e-con e-child\" data-id=\"35759f1\" data-element_type=\"container\">\n\t\t\t\t<\/div>\n\t\t\t\t\t<\/div>\n\t\t\t\t<\/div>\n\t\t\t\t\t<\/div>\n\t\t\t\t<\/div>\n\t\t<div class=\"elementor-element elementor-element-7710a533 e-flex e-con-boxed e-con e-parent\" data-id=\"7710a533\" data-element_type=\"container\" data-settings=\"{&quot;background_background&quot;:&quot;classic&quot;}\">\n\t\t\t\t\t<div class=\"e-con-inner\">\n\t\t\t\t<div class=\"elementor-element elementor-element-12316d8a elementor-widget elementor-widget-spacer\" data-id=\"12316d8a\" data-element_type=\"widget\" data-widget_type=\"spacer.default\">\n\t\t\t\t<div class=\"elementor-widget-container\">\n\t\t\t\t\t<div class=\"elementor-spacer\">\n\t\t\t<div class=\"elementor-spacer-inner\"><\/div>\n\t\t<\/div>\n\t\t\t\t<\/div>\n\t\t\t\t<\/div>\n\t\t\t\t\t<\/div>\n\t\t\t\t<\/div>\n\t\t<div class=\"elementor-element elementor-element-2253800 e-flex e-con-boxed e-con e-parent\" data-id=\"2253800\" data-element_type=\"container\" data-settings=\"{&quot;background_background&quot;:&quot;classic&quot;}\">\n\t\t\t\t\t<div class=\"e-con-inner\">\n\t\t<div class=\"elementor-element elementor-element-4f99e7b e-con-full e-flex e-con e-child\" data-id=\"4f99e7b\" data-element_type=\"container\">\n\t\t\t\t<div class=\"elementor-element elementor-element-2a9810ff elementor-widget elementor-widget-text-editor\" data-id=\"2a9810ff\" data-element_type=\"widget\" data-widget_type=\"text-editor.default\">\n\t\t\t\t<div class=\"elementor-widget-container\">\n\t\t\t\t\t\t\t<p>MERRITHEW\u00ae:<br \/>L\u00edderes en movimiento consciente.<\/p>\t\t\t\t\t\t<\/div>\n\t\t\t\t<\/div>\n\t\t\t\t<div class=\"elementor-element elementor-element-840f37d elementor-widget elementor-widget-image\" data-id=\"840f37d\" data-element_type=\"widget\" data-widget_type=\"image.default\">\n\t\t\t\t<div class=\"elementor-widget-container\">\n\t\t\t\t\t\t\t\t\t\t\t\t\t<img decoding=\"async\" width=\"390\" height=\"70\" src=\"https:\/\/peaceful-ellis.50-21-179-145.plesk.page\/wp-content\/uploads\/2024\/11\/Rectangle-24.png\" class=\"attachment-large size-large wp-image-357\" alt=\"\" srcset=\"https:\/\/peaceful-ellis.50-21-179-145.plesk.page\/wp-content\/uploads\/2024\/11\/Rectangle-24.png 390w, https:\/\/peaceful-ellis.50-21-179-145.plesk.page\/wp-content\/uploads\/2024\/11\/Rectangle-24-300x54.png 300w\" sizes=\"(max-width: 390px) 100vw, 390px\" \/>\t\t\t\t\t\t\t\t\t\t\t\t\t<\/div>\n\t\t\t\t<\/div>\n\t\t\t\t<\/div>\n\t\t<div class=\"elementor-element elementor-element-6463121 e-con-full e-flex e-con e-child\" data-id=\"6463121\" data-element_type=\"container\">\n\t\t\t\t<div class=\"elementor-element elementor-element-6a8bc95c elementor-widget-tablet__width-initial elementor-widget elementor-widget-text-editor\" data-id=\"6a8bc95c\" data-element_type=\"widget\" data-widget_type=\"text-editor.default\">\n\t\t\t\t<div class=\"elementor-widget-container\">\n\t\t\t\t\t\t\t<p style=\"text-align: justify;\">Empresa l\u00edder en movimiento consciente con m\u00e1s de 30 a\u00f1os enfocada en motivar a personas de todas las edades, condiciones f\u00edsicas y etapas de la vida a llevar una vida m\u00e1s saludable a trav\u00e9s de programas educativos de alta calidad y equipos de \u00faltima generaci\u00f3n.<\/p><p style=\"text-align: justify;\">Con una oferta educativa que ilustra la evoluci\u00f3n del movimiento consciente ha formado a m\u00e1s de 70,000 instructores en todo el mundo, basando sus formaciones en los principios modernos de la ciencia del ejercicio y su combinaci\u00f3n con pr\u00e1cticas de acondicionamiento fisico nuevas como la biomec\u00e1nica del movimiento, el entrenamiento funcional y el acondicionamiento facial mientras se mantiene la conexi\u00f3n mente-cuerpo, creando as\u00ed los principios fundamentales de STOTT PILATES\u00ae, marca principal de MERRITHEW que ha servido como base para el surgimiento de CORETM, Athletic Conditioning &amp; Performance TrainingTM, ZEN\u2022GATM, Total BarreTM, Halo\u00ae Training y MerrithewTM Fascial Movement.<\/p><p style=\"text-align: justify;\">Sus programas han sido creados para ampliar las oportunidades laborales de entrenadores personales, profesionales de la salud, instructores fitness grupales, atletas y otros especialistas, diversificando sus conocimiento para ser capaces de atender a todo tipo de clientes, retenerlos a largo plazo y ayudarlos a alcanzar sus objetivos individuales.<\/p>\t\t\t\t\t\t<\/div>\n\t\t\t\t<\/div>\n\t\t\t\t<\/div>\n\t\t\t\t\t<\/div>\n\t\t\t\t<\/div>\n\t\t<div class=\"elementor-element elementor-element-2b63b5e8 e-flex e-con-boxed e-con e-parent\" data-id=\"2b63b5e8\" data-element_type=\"container\">\n\t\t\t\t\t<div class=\"e-con-inner\">\n\t\t<div class=\"elementor-element elementor-element-100d323d e-con-full e-flex e-con e-child\" data-id=\"100d323d\" data-element_type=\"container\">\n\t\t\t\t<div class=\"elementor-element elementor-element-545c8e72 elementor-widget elementor-widget-text-editor\" data-id=\"545c8e72\" data-element_type=\"widget\" data-widget_type=\"text-editor.default\">\n\t\t\t\t<div class=\"elementor-widget-container\">\n\t\t\t\t\t\t\t<p>\u00a1Cont\u00e1ctanos!\u00a0 \u00a0 <img decoding=\"async\" class=\"alignnone size-full wp-image-130\" src=\"https:\/\/peaceful-ellis.50-21-179-145.plesk.page\/wp-content\/uploads\/2024\/11\/Vector-2.png\" alt=\"\" width=\"70\" height=\"2\" \/><\/p>\t\t\t\t\t\t<\/div>\n\t\t\t\t<\/div>\n\t\t\t\t<div class=\"elementor-element elementor-element-258221f3 elementor-widget elementor-widget-image\" data-id=\"258221f3\" data-element_type=\"widget\" data-widget_type=\"image.default\">\n\t\t\t\t<div class=\"elementor-widget-container\">\n\t\t\t\t\t\t\t\t\t\t\t\t\t<img loading=\"lazy\" decoding=\"async\" width=\"580\" height=\"1024\" src=\"https:\/\/peaceful-ellis.50-21-179-145.plesk.page\/wp-content\/uploads\/2024\/12\/DSC01613-2-580x1024.jpg\" class=\"attachment-large size-large wp-image-925\" alt=\"\" srcset=\"https:\/\/peaceful-ellis.50-21-179-145.plesk.page\/wp-content\/uploads\/2024\/12\/DSC01613-2-580x1024.jpg 580w, https:\/\/peaceful-ellis.50-21-179-145.plesk.page\/wp-content\/uploads\/2024\/12\/DSC01613-2-170x300.jpg 170w, https:\/\/peaceful-ellis.50-21-179-145.plesk.page\/wp-content\/uploads\/2024\/12\/DSC01613-2-768x1356.jpg 768w, https:\/\/peaceful-ellis.50-21-179-145.plesk.page\/wp-content\/uploads\/2024\/12\/DSC01613-2.jpg 800w\" sizes=\"(max-width: 580px) 100vw, 580px\" \/>\t\t\t\t\t\t\t\t\t\t\t\t\t<\/div>\n\t\t\t\t<\/div>\n\t\t\t\t<\/div>\n\t\t<div class=\"elementor-element elementor-element-18c57909 e-con-full e-flex e-con e-child\" data-id=\"18c57909\" data-element_type=\"container\">\n\t\t\t\t<div class=\"elementor-element elementor-element-d3a789 elementor-widget elementor-widget-shortcode\" data-id=\"d3a789\" data-element_type=\"widget\" data-widget_type=\"shortcode.default\">\n\t\t\t\t<div class=\"elementor-widget-container\">\n\t\t\t\t\t<div class=\"elementor-shortcode\"><div class=\"forminator-ui forminator-custom-form forminator-custom-form-830 forminator-design--material  forminator_ajax\" data-forminator-render=\"0\" data-form=\"forminator-module-830\" data-uid=\"69f2d0df8afef\"><br\/><\/div><form\n\t\t\t\tid=\"forminator-module-830\"\n\t\t\t\tclass=\"forminator-ui forminator-custom-form forminator-custom-form-830 forminator-design--material  forminator_ajax\"\n\t\t\t\tmethod=\"post\"\n\t\t\t\tdata-forminator-render=\"0\"\n\t\t\t\tdata-form-id=\"830\"\n\t\t\t\t\n\t\t\t\tdata-design=\"material\"\n\t\t\t\t\n\t\t\t\t\n\t\t\t\t\n\t\t\t\tdata-grid=\"open\"\n\t\t\t\tenctype=\"multipart\/form-data\"\n\t\t\t\t\n\t\t\t\tstyle=\"display: none;\"\n\t\t\t\t\n\t\t\t\tdata-uid=\"69f2d0df8afef\"\n\t\t\t><div role=\"alert\" aria-live=\"polite\" class=\"forminator-response-message forminator-error\" aria-hidden=\"true\"><\/div><div class=\"forminator-row\"><div id=\"name-1\" class=\"forminator-field-name forminator-col forminator-col-12 \"><div class=\"forminator-field\"><label for=\"forminator-field-name-1_69f2d0df8afef\" id=\"forminator-field-name-1_69f2d0df8afef-label\" class=\"forminator-label\">Nombre<\/label><input type=\"text\" name=\"name-1\" value=\"\" placeholder=\"Nombre\" id=\"forminator-field-name-1_69f2d0df8afef\" class=\"forminator-input forminator-name--field\" aria-required=\"false\" \/><\/div><\/div><\/div><div class=\"forminator-row\"><div id=\"phone-1\" class=\"forminator-field-phone forminator-col forminator-col-12 \"><div class=\"forminator-field\"><label for=\"forminator-field-phone-1_69f2d0df8afef\" id=\"forminator-field-phone-1_69f2d0df8afef-label\" class=\"forminator-label\">Tel\u00e9fono<\/label><input type=\"text\" name=\"phone-1\" value=\"\" placeholder=\"Tel\u00e9fono\" id=\"forminator-field-phone-1_69f2d0df8afef\" class=\"forminator-input forminator-field--phone\" data-required=\"\" aria-required=\"false\" autocomplete=\"off\" \/><\/div><\/div><\/div><div class=\"forminator-row\"><div id=\"email-1\" class=\"forminator-field-email forminator-col forminator-col-12 \"><div class=\"forminator-field\"><label for=\"forminator-field-email-1_69f2d0df8afef\" id=\"forminator-field-email-1_69f2d0df8afef-label\" class=\"forminator-label\">Correo electr\u00f3nico<\/label><input type=\"email\" name=\"email-1\" value=\"\" placeholder=\"Correo electr\u00f3nico\" id=\"forminator-field-email-1_69f2d0df8afef\" class=\"forminator-input forminator-email--field\" data-required=\"\" aria-required=\"false\" \/><\/div><\/div><\/div><div class=\"forminator-row\"><div id=\"select-1\" class=\"forminator-field-select forminator-col forminator-col-12 \"><div class=\"forminator-field\"><label for=\"forminator-form-830__field--select-1_69f2d0df8afef\" id=\"forminator-form-830__field--select-1_69f2d0df8afef-label\" class=\"forminator-label\">Selecciona...<\/label><select  id=\"forminator-form-830__field--select-1_69f2d0df8afef\" class=\"forminator-select--field forminator-select2 forminator-select2-multiple\" data-required=\"\" name=\"select-1\" data-default-value=\"\" data-hidden-behavior=\"zero\" data-placeholder=\"Curso de inter\u00e9s\" data-search=\"false\" data-search-placeholder=\"Curso de inter\u00e9s\" data-checkbox=\"false\" data-allow-clear=\"false\" aria-labelledby=\"forminator-form-830__field--select-1_69f2d0df8afef-label\"><option value=\"\"  >Curso de inter\u00e9s<\/option><option value=\"one\"  data-calculation=\"0\">Mat Intensivo y Avanzado<\/option><option value=\"two\"  data-calculation=\"0\">Reformer intensivo<\/option><option value=\"Reformer-Avanzado\"  data-calculation=\"0\">Reformer Avanzado<\/option><option value=\"Anatomia-y-biomec\u00e1nica\"  data-calculation=\"0\">Anatomia y biomec\u00e1nica<\/option><option value=\"Otro\"  data-calculation=\"0\">Otro<\/option><\/select><\/div><\/div><\/div><div class=\"forminator-row\"><div id=\"textarea-1\" class=\"forminator-field-textarea forminator-col forminator-col-12 \"><div class=\"forminator-field\"><label for=\"forminator-field-textarea-1_69f2d0df8afef\" id=\"forminator-field-textarea-1_69f2d0df8afef-label\" class=\"forminator-label\">Comentarios<\/label><textarea name=\"textarea-1\" placeholder=\"Comentarios\" id=\"forminator-field-textarea-1_69f2d0df8afef\" class=\"forminator-textarea\" rows=\"6\" style=\"min-height:140px;\" ><\/textarea><\/div><\/div><\/div><div class=\"forminator-row\"><div id=\"postdata-1\" class=\"forminator-field-postdata forminator-col forminator-col-12 \"><div class=\"forminator-row\"><div class=\"forminator-col forminator-col-12\"><div class=\"forminator-field\"><label for=\"forminator-field-post-title-postdata-1_69f2d0df8afef\" id=\"forminator-field-post-title-postdata-1_69f2d0df8afef-label\" class=\"forminator-label\">Post Title<\/label><input type=\"text\" name=\"postdata-1-post-title\" placeholder=\"\" id=\"forminator-field-post-title-postdata-1_69f2d0df8afef\" class=\"forminator-input\" value=\"\" \/><\/div><\/div><\/div><\/div><\/div><div class=\"forminator-row\"><div id=\"html-1\" class=\"forminator-field-html forminator-col forminator-col-12 \"><div class=\"forminator-field forminator-merge-tags\" data-field=\"html-1\"><p>*Tus datos son confidenciales.<br>\u00a1Gracias por contactarnos!<\/p><\/div><\/div><\/div><input type=\"hidden\" name=\"referer_url\" value=\"\" \/><div class=\"forminator-row forminator-row-last\"><div class=\"forminator-col\"><div class=\"forminator-field\"><button class=\"forminator-button forminator-button-submit\"><span>Enviar<\/span><span aria-hidden=\"true\"><\/span><\/button><\/div><\/div><\/div><input type=\"hidden\" id=\"forminator_nonce\" name=\"forminator_nonce\" value=\"af55810ad2\" \/><input type=\"hidden\" name=\"_wp_http_referer\" value=\"\/index.php?rest_route=%2Fwp%2Fv2%2Fpages%2F150\" \/><input type=\"hidden\" name=\"form_id\" value=\"830\"><input type=\"hidden\" name=\"page_id\" value=\"150\"><input type=\"hidden\" name=\"form_type\" value=\"default\"><input type=\"hidden\" name=\"current_url\" value=\"https:\/\/peaceful-ellis.50-21-179-145.plesk.page\/?page_id=150\"><input type=\"hidden\" name=\"render_id\" value=\"0\"><input type=\"hidden\" name=\"action\" value=\"forminator_submit_form_custom-forms\"><\/form><\/div>\n\t\t\t\t<\/div>\n\t\t\t\t<\/div>\n\t\t\t\t<\/div>\n\t\t\t\t\t<\/div>\n\t\t\t\t<\/div>\n\t\t\t\t<\/div>\n\t\t","protected":false},"excerpt":{"rendered":"<p>\u00a0\u00bfQui\u00e9nes Somos?Profesionalizaci\u00f3n de la pr\u00e1ctica y ense\u00f1anza del Pilates en M\u00e9xico para mejorar la vida de muchas personas a trav\u00e9s de programas educativos de alta calidad, basados en la ciencia y las \u00faltimas tendencias del entrenamiento deportivo. \u00a0 MARIA LUISA PADILLA LUNA (MARIA CAPPELLETTI) Licenciada en Psicolog\u00eda por la UNAM. Cuenta con m\u00e1s de 20 [&hellip;]<\/p>\n","protected":false},"author":2,"featured_media":0,"parent":0,"menu_order":0,"comment_status":"closed","ping_status":"closed","template":"","meta":{"footnotes":""},"class_list":["post-150","page","type-page","status-publish","hentry"],"_links":{"self":[{"href":"https:\/\/peaceful-ellis.50-21-179-145.plesk.page\/index.php?rest_route=\/wp\/v2\/pages\/150","targetHints":{"allow":["GET"]}}],"collection":[{"href":"https:\/\/peaceful-ellis.50-21-179-145.plesk.page\/index.php?rest_route=\/wp\/v2\/pages"}],"about":[{"href":"https:\/\/peaceful-ellis.50-21-179-145.plesk.page\/index.php?rest_route=\/wp\/v2\/types\/page"}],"author":[{"embeddable":true,"href":"https:\/\/peaceful-ellis.50-21-179-145.plesk.page\/index.php?rest_route=\/wp\/v2\/users\/2"}],"replies":[{"embeddable":true,"href":"https:\/\/peaceful-ellis.50-21-179-145.plesk.page\/index.php?rest_route=%2Fwp%2Fv2%2Fcomments&post=150"}],"version-history":[{"count":149,"href":"https:\/\/peaceful-ellis.50-21-179-145.plesk.page\/index.php?rest_route=\/wp\/v2\/pages\/150\/revisions"}],"predecessor-version":[{"id":1090,"href":"https:\/\/peaceful-ellis.50-21-179-145.plesk.page\/index.php?rest_route=\/wp\/v2\/pages\/150\/revisions\/1090"}],"wp:attachment":[{"href":"https:\/\/peaceful-ellis.50-21-179-145.plesk.page\/index.php?rest_route=%2Fwp%2Fv2%2Fmedia&parent=150"}],"curies":[{"name":"wp","href":"https:\/\/api.w.org\/{rel}","templated":true}]}}