{"id":11,"date":"2024-11-06T06:38:24","date_gmt":"2024-11-06T06:38:24","guid":{"rendered":"https:\/\/peaceful-ellis.50-21-179-145.plesk.page\/?page_id=11"},"modified":"2024-12-20T04:33:24","modified_gmt":"2024-12-20T04:33:24","slug":"inicio","status":"publish","type":"page","link":"https:\/\/peaceful-ellis.50-21-179-145.plesk.page\/","title":{"rendered":"Inicio"},"content":{"rendered":"\t\t<div data-elementor-type=\"wp-page\" data-elementor-id=\"11\" class=\"elementor elementor-11\" data-elementor-post-type=\"page\">\n\t\t\t\t<div class=\"elementor-element elementor-element-2bd12c22 e-flex e-con-boxed e-con e-parent\" data-id=\"2bd12c22\" data-element_type=\"container\" id=\"sesgo\" data-settings=\"{&quot;background_background&quot;:&quot;classic&quot;}\">\n\t\t\t\t\t<div class=\"e-con-inner\">\n\t\t\t\t<div class=\"elementor-element elementor-element-90942ee elementor-widget elementor-widget-heading\" data-id=\"90942ee\" data-element_type=\"widget\" data-widget_type=\"heading.default\">\n\t\t\t\t<div class=\"elementor-widget-container\">\n\t\t\t<h2 class=\"elementor-heading-title elementor-size-default\">L\u00edderes en movimiento consciente.<\/h2>\t\t<\/div>\n\t\t\t\t<\/div>\n\t\t\t\t<div class=\"elementor-element elementor-element-1f54e39 elementor-widget elementor-widget-text-editor\" data-id=\"1f54e39\" data-element_type=\"widget\" data-widget_type=\"text-editor.default\">\n\t\t\t\t<div class=\"elementor-widget-container\">\n\t\t\t\t\t\t\tTransformando vidas con STOTT PILATES\u00ae: Programas educativos de excelencia y avances cient\u00edficos en M\u00e9xico.\t\t\t\t\t\t<\/div>\n\t\t\t\t<\/div>\n\t\t\t\t\t<\/div>\n\t\t\t\t<\/div>\n\t\t<div class=\"elementor-element elementor-element-7f44b62 e-flex e-con-boxed e-con e-parent\" data-id=\"7f44b62\" data-element_type=\"container\" data-settings=\"{&quot;background_background&quot;:&quot;classic&quot;}\">\n\t\t\t\t\t<div class=\"e-con-inner\">\n\t\t\t\t<div class=\"elementor-element elementor-element-1f19ab5 elementor-widget elementor-widget-text-editor\" data-id=\"1f19ab5\" data-element_type=\"widget\" data-widget_type=\"text-editor.default\">\n\t\t\t\t<div class=\"elementor-widget-container\">\n\t\t\t\t\t\t\tINNOVACI\u00d3N, DEDICACI\u00d3N Y EXPERIENCIA\t\t\t\t\t\t<\/div>\n\t\t\t\t<\/div>\n\t\t\t\t\t<\/div>\n\t\t\t\t<\/div>\n\t\t<div class=\"elementor-element elementor-element-e899614 e-flex e-con-boxed e-con e-parent\" data-id=\"e899614\" data-element_type=\"container\">\n\t\t\t\t\t<div class=\"e-con-inner\">\n\t\t<div class=\"elementor-element elementor-element-bb64790 e-con-full e-flex e-con e-child\" data-id=\"bb64790\" data-element_type=\"container\">\n\t\t\t\t<div class=\"elementor-element elementor-element-05918f7 elementor-widget elementor-widget-text-editor\" data-id=\"05918f7\" data-element_type=\"widget\" data-widget_type=\"text-editor.default\">\n\t\t\t\t<div class=\"elementor-widget-container\">\n\t\t\t\t\t\t\t<p>\u00bfQui\u00e9nes Somos?\u00a0 \u00a0 <img decoding=\"async\" class=\"alignnone size-full wp-image-130\" src=\"https:\/\/peaceful-ellis.50-21-179-145.plesk.page\/wp-content\/uploads\/2024\/11\/Vector-2.png\" alt=\"\" width=\"70\" height=\"2\" \/><\/p>\t\t\t\t\t\t<\/div>\n\t\t\t\t<\/div>\n\t\t\t\t<div class=\"elementor-element elementor-element-58cb270 elementor-widget elementor-widget-text-editor\" data-id=\"58cb270\" data-element_type=\"widget\" data-widget_type=\"text-editor.default\">\n\t\t\t\t<div class=\"elementor-widget-container\">\n\t\t\t\t\t\t\t<p>Nos dedicamos a profesionalizar la pr\u00e1ctica y ense\u00f1anza del Pilates en M\u00e9xico para mejorar vidas a trav\u00e9s de programas educativos de alta calidad, basados en la ciencia y las \u00faltimas tendencias del entrenamiento deportivo.<\/p><p>Como asociados a MERRITHEW\u00ae, l\u00edderes en movimiento consciente, ofrecemos cursos que combinan los principios modernos del ejercicio con pr\u00e1cticas innovadoras. Nuestros programas est\u00e1n dise\u00f1ados para ampliar las oportunidades laborales de entrenadores y profesionales del fitness.<\/p><p>En Pilates Educare, creemos en el poder transformador del movimiento. \u00danete a nosotros en esta misi\u00f3n de cambio y bienestar.<\/p>\t\t\t\t\t\t<\/div>\n\t\t\t\t<\/div>\n\t\t\t\t<\/div>\n\t\t<div class=\"elementor-element elementor-element-7f1e3c5 e-con-full e-flex e-con e-child\" data-id=\"7f1e3c5\" data-element_type=\"container\">\n\t\t\t\t<div class=\"elementor-element elementor-element-f79f25a elementor-widget elementor-widget-image\" data-id=\"f79f25a\" data-element_type=\"widget\" data-widget_type=\"image.default\">\n\t\t\t\t<div class=\"elementor-widget-container\">\n\t\t\t\t\t\t\t\t\t\t\t\t\t<img fetchpriority=\"high\" decoding=\"async\" width=\"800\" height=\"600\" src=\"https:\/\/peaceful-ellis.50-21-179-145.plesk.page\/wp-content\/uploads\/2024\/12\/DSC02114-2-2.jpg\" class=\"attachment-full size-full wp-image-920\" alt=\"\" srcset=\"https:\/\/peaceful-ellis.50-21-179-145.plesk.page\/wp-content\/uploads\/2024\/12\/DSC02114-2-2.jpg 800w, https:\/\/peaceful-ellis.50-21-179-145.plesk.page\/wp-content\/uploads\/2024\/12\/DSC02114-2-2-300x225.jpg 300w, https:\/\/peaceful-ellis.50-21-179-145.plesk.page\/wp-content\/uploads\/2024\/12\/DSC02114-2-2-768x576.jpg 768w\" sizes=\"(max-width: 800px) 100vw, 800px\" \/>\t\t\t\t\t\t\t\t\t\t\t\t\t<\/div>\n\t\t\t\t<\/div>\n\t\t\t\t<\/div>\n\t\t\t\t\t<\/div>\n\t\t\t\t<\/div>\n\t\t<div class=\"elementor-element elementor-element-d22647e e-flex e-con-boxed e-con e-parent\" data-id=\"d22647e\" data-element_type=\"container\" data-settings=\"{&quot;background_background&quot;:&quot;classic&quot;}\">\n\t\t\t\t\t<div class=\"e-con-inner\">\n\t\t\t\t<div class=\"elementor-element elementor-element-250239b elementor-widget elementor-widget-spacer\" data-id=\"250239b\" data-element_type=\"widget\" data-widget_type=\"spacer.default\">\n\t\t\t\t<div class=\"elementor-widget-container\">\n\t\t\t\t\t<div class=\"elementor-spacer\">\n\t\t\t<div class=\"elementor-spacer-inner\"><\/div>\n\t\t<\/div>\n\t\t\t\t<\/div>\n\t\t\t\t<\/div>\n\t\t<div class=\"elementor-element elementor-element-224893a e-con-full e-flex e-con e-child\" data-id=\"224893a\" data-element_type=\"container\">\n\t\t<div class=\"elementor-element elementor-element-c7b57d8 e-grid e-con-full e-con e-child\" data-id=\"c7b57d8\" data-element_type=\"container\">\n\t\t\t\t<div class=\"elementor-element elementor-element-e195080 elementor-widget elementor-widget-text-editor\" data-id=\"e195080\" data-element_type=\"widget\" data-widget_type=\"text-editor.default\">\n\t\t\t\t<div class=\"elementor-widget-container\">\n\t\t\t\t\t\t\t<p><strong style=\"font-size: 20px;\">NIVEL 1: ESENCIAL E INTERMEDIO<\/strong><\/p><p>STOTT PILATES\u00ae INTENSIVE REFORMER<br \/>STOTT PILATES\u00ae INTENSIVE MAT-PLUS\u2122<br \/>STOTT PILATES\u00ae INTENSIVE CADILLAC, CHAIR &amp; BARRELS<\/p>\t\t\t\t\t\t<\/div>\n\t\t\t\t<\/div>\n\t\t\t\t<div class=\"elementor-element elementor-element-b0e7ef2 elementor-widget elementor-widget-text-editor\" data-id=\"b0e7ef2\" data-element_type=\"widget\" data-widget_type=\"text-editor.default\">\n\t\t\t\t<div class=\"elementor-widget-container\">\n\t\t\t\t\t\t\t<p><img decoding=\"async\" class=\"alignnone size-medium wp-image-876\" src=\"https:\/\/peaceful-ellis.50-21-179-145.plesk.page\/wp-content\/uploads\/2024\/11\/estrella-273x300.png\" alt=\"\" width=\"273\" height=\"300\" srcset=\"https:\/\/peaceful-ellis.50-21-179-145.plesk.page\/wp-content\/uploads\/2024\/11\/estrella-273x300.png 273w, https:\/\/peaceful-ellis.50-21-179-145.plesk.page\/wp-content\/uploads\/2024\/11\/estrella.png 699w\" sizes=\"(max-width: 273px) 100vw, 273px\" \/><\/p>\t\t\t\t\t\t<\/div>\n\t\t\t\t<\/div>\n\t\t\t\t<div class=\"elementor-element elementor-element-cbb8833 elementor-widget elementor-widget-text-editor\" data-id=\"cbb8833\" data-element_type=\"widget\" data-widget_type=\"text-editor.default\">\n\t\t\t\t<div class=\"elementor-widget-container\">\n\t\t\t\t\t\t\t<p><strong style=\"font-size: 20px;\">NIVEL 2: AVANZADO<\/strong><\/p><p>STOTT PILATES\u00ae ADVANCED MATWORK<br \/>STOTT PILATES\u00ae ADVANCED REFORMER CADILLAC, CHAIR &amp; BARRELS<\/p>\t\t\t\t\t\t<\/div>\n\t\t\t\t<\/div>\n\t\t\t\t<\/div>\n\t\t\t\t<div class=\"elementor-element elementor-element-5418c47 elementor-widget elementor-widget-heading\" data-id=\"5418c47\" data-element_type=\"widget\" data-widget_type=\"heading.default\">\n\t\t\t\t<div class=\"elementor-widget-container\">\n\t\t\t<h3 class=\"elementor-heading-title elementor-size-default\">\u00bfQu\u00e9 es STOTT PILATES\u00ae?<\/h3>\t\t<\/div>\n\t\t\t\t<\/div>\n\t\t\t\t<div class=\"elementor-element elementor-element-90c8e2c elementor-widget__width-initial elementor-widget elementor-widget-text-editor\" data-id=\"90c8e2c\" data-element_type=\"widget\" data-widget_type=\"text-editor.default\">\n\t\t\t\t<div class=\"elementor-widget-container\">\n\t\t\t\t\t\t\t<div>\u00a0<\/div><p>STOTT PILATES\u00ae moderniza el m\u00e9todo original con la ciencia del ejercicio y la rehabilitaci\u00f3n. Adaptado a cada cliente, asegura seguridad y eficacia. Con 3 niveles de movimiento, abarca desde la rehabilitaci\u00f3n hasta el entrenamiento de \u00e9lite. Como instructor certificado, accedes a una formaci\u00f3n completa con certificaci\u00f3n internacional y oportunidades profesionales ilimitadas.<\/p>\t\t\t\t\t\t<\/div>\n\t\t\t\t<\/div>\n\t\t\t\t<div class=\"elementor-element elementor-element-c61e480 elementor-align-center elementor-widget elementor-widget-button\" data-id=\"c61e480\" data-element_type=\"widget\" data-widget_type=\"button.default\">\n\t\t\t\t<div class=\"elementor-widget-container\">\n\t\t\t\t\t\t\t<div class=\"elementor-button-wrapper\">\n\t\t\t\t\t<a class=\"elementor-button elementor-button-link elementor-size-sm\" href=\"https:\/\/peaceful-ellis.50-21-179-145.plesk.page\/?page_id=367\">\n\t\t\t\t\t\t<span class=\"elementor-button-content-wrapper\">\n\t\t\t\t\t\t\t\t\t<span class=\"elementor-button-text\">Ver m\u00e1s<\/span>\n\t\t\t\t\t<\/span>\n\t\t\t\t\t<\/a>\n\t\t\t\t<\/div>\n\t\t\t\t\t\t<\/div>\n\t\t\t\t<\/div>\n\t\t\t\t<\/div>\n\t\t\t\t<div class=\"elementor-element elementor-element-31b8d8c elementor-widget elementor-widget-spacer\" data-id=\"31b8d8c\" data-element_type=\"widget\" data-widget_type=\"spacer.default\">\n\t\t\t\t<div class=\"elementor-widget-container\">\n\t\t\t\t\t<div class=\"elementor-spacer\">\n\t\t\t<div class=\"elementor-spacer-inner\"><\/div>\n\t\t<\/div>\n\t\t\t\t<\/div>\n\t\t\t\t<\/div>\n\t\t\t\t\t<\/div>\n\t\t\t\t<\/div>\n\t\t<div class=\"elementor-element elementor-element-369bb19 e-flex e-con-boxed e-con e-parent\" data-id=\"369bb19\" data-element_type=\"container\">\n\t\t\t\t\t<div class=\"e-con-inner\">\n\t\t<div class=\"elementor-element elementor-element-3ace5a7 e-con-full e-flex e-con e-child\" data-id=\"3ace5a7\" data-element_type=\"container\">\n\t\t\t\t<div class=\"elementor-element elementor-element-4d8ce88 elementor-widget elementor-widget-text-editor\" data-id=\"4d8ce88\" data-element_type=\"widget\" data-widget_type=\"text-editor.default\">\n\t\t\t\t<div class=\"elementor-widget-container\">\n\t\t\t\t\t\t\t\u00a1Cont\u00e1ctanos!\u00a0 \u00a0 <img decoding=\"async\" class=\"alignnone size-full wp-image-130\" src=\"https:\/\/peaceful-ellis.50-21-179-145.plesk.page\/wp-content\/uploads\/2024\/11\/Vector-2.png\" alt=\"\" width=\"70\" height=\"2\" \/>\t\t\t\t\t\t<\/div>\n\t\t\t\t<\/div>\n\t\t\t\t<div class=\"elementor-element elementor-element-48f41c0 elementor-widget elementor-widget-image\" data-id=\"48f41c0\" data-element_type=\"widget\" data-widget_type=\"image.default\">\n\t\t\t\t<div class=\"elementor-widget-container\">\n\t\t\t\t\t\t\t\t\t\t\t\t\t<img loading=\"lazy\" decoding=\"async\" width=\"580\" height=\"1024\" src=\"https:\/\/peaceful-ellis.50-21-179-145.plesk.page\/wp-content\/uploads\/2024\/12\/DSC01613-2-580x1024.jpg\" class=\"attachment-large size-large wp-image-925\" alt=\"\" srcset=\"https:\/\/peaceful-ellis.50-21-179-145.plesk.page\/wp-content\/uploads\/2024\/12\/DSC01613-2-580x1024.jpg 580w, https:\/\/peaceful-ellis.50-21-179-145.plesk.page\/wp-content\/uploads\/2024\/12\/DSC01613-2-170x300.jpg 170w, https:\/\/peaceful-ellis.50-21-179-145.plesk.page\/wp-content\/uploads\/2024\/12\/DSC01613-2-768x1356.jpg 768w, https:\/\/peaceful-ellis.50-21-179-145.plesk.page\/wp-content\/uploads\/2024\/12\/DSC01613-2.jpg 800w\" sizes=\"(max-width: 580px) 100vw, 580px\" \/>\t\t\t\t\t\t\t\t\t\t\t\t\t<\/div>\n\t\t\t\t<\/div>\n\t\t\t\t<\/div>\n\t\t<div class=\"elementor-element elementor-element-e8499a0 e-con-full e-flex e-con e-child\" data-id=\"e8499a0\" data-element_type=\"container\">\n\t\t\t\t<div class=\"elementor-element elementor-element-5ca135a elementor-widget elementor-widget-shortcode\" data-id=\"5ca135a\" data-element_type=\"widget\" data-widget_type=\"shortcode.default\">\n\t\t\t\t<div class=\"elementor-widget-container\">\n\t\t\t\t\t<div class=\"elementor-shortcode\"><div class=\"forminator-ui forminator-custom-form forminator-custom-form-830 forminator-design--material  forminator_ajax\" data-forminator-render=\"0\" data-form=\"forminator-module-830\" data-uid=\"69f2c114191ee\"><br\/><\/div><form\n\t\t\t\tid=\"forminator-module-830\"\n\t\t\t\tclass=\"forminator-ui forminator-custom-form forminator-custom-form-830 forminator-design--material  forminator_ajax\"\n\t\t\t\tmethod=\"post\"\n\t\t\t\tdata-forminator-render=\"0\"\n\t\t\t\tdata-form-id=\"830\"\n\t\t\t\t\n\t\t\t\tdata-design=\"material\"\n\t\t\t\t\n\t\t\t\t\n\t\t\t\t\n\t\t\t\tdata-grid=\"open\"\n\t\t\t\tenctype=\"multipart\/form-data\"\n\t\t\t\t\n\t\t\t\tstyle=\"display: none;\"\n\t\t\t\t\n\t\t\t\tdata-uid=\"69f2c114191ee\"\n\t\t\t><div role=\"alert\" aria-live=\"polite\" class=\"forminator-response-message forminator-error\" aria-hidden=\"true\"><\/div><div class=\"forminator-row\"><div id=\"name-1\" class=\"forminator-field-name forminator-col forminator-col-12 \"><div class=\"forminator-field\"><label for=\"forminator-field-name-1_69f2c114191ee\" id=\"forminator-field-name-1_69f2c114191ee-label\" class=\"forminator-label\">Nombre<\/label><input type=\"text\" name=\"name-1\" value=\"\" placeholder=\"Nombre\" id=\"forminator-field-name-1_69f2c114191ee\" class=\"forminator-input forminator-name--field\" aria-required=\"false\" \/><\/div><\/div><\/div><div class=\"forminator-row\"><div id=\"phone-1\" class=\"forminator-field-phone forminator-col forminator-col-12 \"><div class=\"forminator-field\"><label for=\"forminator-field-phone-1_69f2c114191ee\" id=\"forminator-field-phone-1_69f2c114191ee-label\" class=\"forminator-label\">Tel\u00e9fono<\/label><input type=\"text\" name=\"phone-1\" value=\"\" placeholder=\"Tel\u00e9fono\" id=\"forminator-field-phone-1_69f2c114191ee\" class=\"forminator-input forminator-field--phone\" data-required=\"\" aria-required=\"false\" autocomplete=\"off\" \/><\/div><\/div><\/div><div class=\"forminator-row\"><div id=\"email-1\" class=\"forminator-field-email forminator-col forminator-col-12 \"><div class=\"forminator-field\"><label for=\"forminator-field-email-1_69f2c114191ee\" id=\"forminator-field-email-1_69f2c114191ee-label\" class=\"forminator-label\">Correo electr\u00f3nico<\/label><input type=\"email\" name=\"email-1\" value=\"\" placeholder=\"Correo electr\u00f3nico\" id=\"forminator-field-email-1_69f2c114191ee\" class=\"forminator-input forminator-email--field\" data-required=\"\" aria-required=\"false\" \/><\/div><\/div><\/div><div class=\"forminator-row\"><div id=\"select-1\" class=\"forminator-field-select forminator-col forminator-col-12 \"><div class=\"forminator-field\"><label for=\"forminator-form-830__field--select-1_69f2c114191ee\" id=\"forminator-form-830__field--select-1_69f2c114191ee-label\" class=\"forminator-label\">Selecciona...<\/label><select  id=\"forminator-form-830__field--select-1_69f2c114191ee\" class=\"forminator-select--field forminator-select2 forminator-select2-multiple\" data-required=\"\" name=\"select-1\" data-default-value=\"\" data-hidden-behavior=\"zero\" data-placeholder=\"Curso de inter\u00e9s\" data-search=\"false\" data-search-placeholder=\"Curso de inter\u00e9s\" data-checkbox=\"false\" data-allow-clear=\"false\" aria-labelledby=\"forminator-form-830__field--select-1_69f2c114191ee-label\"><option value=\"\"  >Curso de inter\u00e9s<\/option><option value=\"one\"  data-calculation=\"0\">Mat Intensivo y Avanzado<\/option><option value=\"two\"  data-calculation=\"0\">Reformer intensivo<\/option><option value=\"Reformer-Avanzado\"  data-calculation=\"0\">Reformer Avanzado<\/option><option value=\"Anatomia-y-biomec\u00e1nica\"  data-calculation=\"0\">Anatomia y biomec\u00e1nica<\/option><option value=\"Otro\"  data-calculation=\"0\">Otro<\/option><\/select><\/div><\/div><\/div><div class=\"forminator-row\"><div id=\"textarea-1\" class=\"forminator-field-textarea forminator-col forminator-col-12 \"><div class=\"forminator-field\"><label for=\"forminator-field-textarea-1_69f2c114191ee\" id=\"forminator-field-textarea-1_69f2c114191ee-label\" class=\"forminator-label\">Comentarios<\/label><textarea name=\"textarea-1\" placeholder=\"Comentarios\" id=\"forminator-field-textarea-1_69f2c114191ee\" class=\"forminator-textarea\" rows=\"6\" style=\"min-height:140px;\" ><\/textarea><\/div><\/div><\/div><div class=\"forminator-row\"><div id=\"postdata-1\" class=\"forminator-field-postdata forminator-col forminator-col-12 \"><div class=\"forminator-row\"><div class=\"forminator-col forminator-col-12\"><div class=\"forminator-field\"><label for=\"forminator-field-post-title-postdata-1_69f2c114191ee\" id=\"forminator-field-post-title-postdata-1_69f2c114191ee-label\" class=\"forminator-label\">Post Title<\/label><input type=\"text\" name=\"postdata-1-post-title\" placeholder=\"\" id=\"forminator-field-post-title-postdata-1_69f2c114191ee\" class=\"forminator-input\" value=\"\" \/><\/div><\/div><\/div><\/div><\/div><div class=\"forminator-row\"><div id=\"html-1\" class=\"forminator-field-html forminator-col forminator-col-12 \"><div class=\"forminator-field forminator-merge-tags\" data-field=\"html-1\"><p>*Tus datos son confidenciales.<br>\u00a1Gracias por contactarnos!<\/p><\/div><\/div><\/div><input type=\"hidden\" name=\"referer_url\" value=\"\" \/><div class=\"forminator-row forminator-row-last\"><div class=\"forminator-col\"><div class=\"forminator-field\"><button class=\"forminator-button forminator-button-submit\"><span>Enviar<\/span><span aria-hidden=\"true\"><\/span><\/button><\/div><\/div><\/div><input type=\"hidden\" id=\"forminator_nonce\" name=\"forminator_nonce\" value=\"af55810ad2\" \/><input type=\"hidden\" name=\"_wp_http_referer\" value=\"\/index.php?rest_route=%2Fwp%2Fv2%2Fpages%2F11\" \/><input type=\"hidden\" name=\"form_id\" value=\"830\"><input type=\"hidden\" name=\"page_id\" value=\"11\"><input type=\"hidden\" name=\"form_type\" value=\"default\"><input type=\"hidden\" name=\"current_url\" value=\"https:\/\/peaceful-ellis.50-21-179-145.plesk.page\/\"><input type=\"hidden\" name=\"render_id\" value=\"0\"><input type=\"hidden\" name=\"action\" value=\"forminator_submit_form_custom-forms\"><\/form><\/div>\n\t\t\t\t<\/div>\n\t\t\t\t<\/div>\n\t\t\t\t<\/div>\n\t\t\t\t\t<\/div>\n\t\t\t\t<\/div>\n\t\t\t\t<\/div>\n\t\t","protected":false},"excerpt":{"rendered":"<p>L\u00edderes en movimiento consciente. Transformando vidas con STOTT PILATES\u00ae: Programas educativos de excelencia y avances cient\u00edficos en M\u00e9xico.INNOVACI\u00d3N, DEDICACI\u00d3N Y EXPERIENCIA \u00bfQui\u00e9nes Somos?\u00a0 \u00a0 Nos dedicamos a profesionalizar la pr\u00e1ctica y ense\u00f1anza del Pilates en M\u00e9xico para mejorar vidas a trav\u00e9s de programas educativos de alta calidad, basados en la ciencia y las \u00faltimas tendencias [&hellip;]<\/p>\n","protected":false},"author":1,"featured_media":0,"parent":0,"menu_order":0,"comment_status":"closed","ping_status":"closed","template":"elementor_header_footer","meta":{"footnotes":""},"class_list":["post-11","page","type-page","status-publish","hentry"],"_links":{"self":[{"href":"https:\/\/peaceful-ellis.50-21-179-145.plesk.page\/index.php?rest_route=\/wp\/v2\/pages\/11","targetHints":{"allow":["GET"]}}],"collection":[{"href":"https:\/\/peaceful-ellis.50-21-179-145.plesk.page\/index.php?rest_route=\/wp\/v2\/pages"}],"about":[{"href":"https:\/\/peaceful-ellis.50-21-179-145.plesk.page\/index.php?rest_route=\/wp\/v2\/types\/page"}],"author":[{"embeddable":true,"href":"https:\/\/peaceful-ellis.50-21-179-145.plesk.page\/index.php?rest_route=\/wp\/v2\/users\/1"}],"replies":[{"embeddable":true,"href":"https:\/\/peaceful-ellis.50-21-179-145.plesk.page\/index.php?rest_route=%2Fwp%2Fv2%2Fcomments&post=11"}],"version-history":[{"count":265,"href":"https:\/\/peaceful-ellis.50-21-179-145.plesk.page\/index.php?rest_route=\/wp\/v2\/pages\/11\/revisions"}],"predecessor-version":[{"id":1044,"href":"https:\/\/peaceful-ellis.50-21-179-145.plesk.page\/index.php?rest_route=\/wp\/v2\/pages\/11\/revisions\/1044"}],"wp:attachment":[{"href":"https:\/\/peaceful-ellis.50-21-179-145.plesk.page\/index.php?rest_route=%2Fwp%2Fv2%2Fmedia&parent=11"}],"curies":[{"name":"wp","href":"https:\/\/api.w.org\/{rel}","templated":true}]}}