{"id":1062,"date":"2024-12-23T20:54:13","date_gmt":"2024-12-23T20:54:13","guid":{"rendered":"https:\/\/peaceful-ellis.50-21-179-145.plesk.page\/?page_id=1062"},"modified":"2024-12-23T20:56:06","modified_gmt":"2024-12-23T20:56:06","slug":"stott-pilates-advanced-matwork","status":"publish","type":"page","link":"https:\/\/peaceful-ellis.50-21-179-145.plesk.page\/?page_id=1062","title":{"rendered":"Stott Pilates Advanced Matwork"},"content":{"rendered":"\t\t<div data-elementor-type=\"wp-page\" data-elementor-id=\"1062\" class=\"elementor elementor-1062\" data-elementor-post-type=\"page\">\n\t\t\t\t<div class=\"elementor-element elementor-element-7f1017dc e-flex e-con-boxed e-con e-parent\" data-id=\"7f1017dc\" data-element_type=\"container\" id=\"sesgo\" data-settings=\"{&quot;background_background&quot;:&quot;classic&quot;}\">\n\t\t\t\t\t<div class=\"e-con-inner\">\n\t\t\t\t\t<\/div>\n\t\t\t\t<\/div>\n\t\t<div class=\"elementor-element elementor-element-6e8226d4 e-flex e-con-boxed e-con e-parent\" data-id=\"6e8226d4\" data-element_type=\"container\" data-settings=\"{&quot;background_background&quot;:&quot;classic&quot;}\">\n\t\t\t\t\t<div class=\"e-con-inner\">\n\t\t\t\t<div class=\"elementor-element elementor-element-33a0e3f7 elementor-widget elementor-widget-spacer\" data-id=\"33a0e3f7\" data-element_type=\"widget\" data-widget_type=\"spacer.default\">\n\t\t\t\t<div class=\"elementor-widget-container\">\n\t\t\t\t\t<div class=\"elementor-spacer\">\n\t\t\t<div class=\"elementor-spacer-inner\"><\/div>\n\t\t<\/div>\n\t\t\t\t<\/div>\n\t\t\t\t<\/div>\n\t\t\t\t<div class=\"elementor-element elementor-element-57f63884 elementor-widget elementor-widget-text-editor\" data-id=\"57f63884\" data-element_type=\"widget\" data-widget_type=\"text-editor.default\">\n\t\t\t\t<div class=\"elementor-widget-container\">\n\t\t\t\t\t\t\t<p>STOTT PILATES\u00ae ADVANCED MATWORK<\/p>\t\t\t\t\t\t<\/div>\n\t\t\t\t<\/div>\n\t\t\t\t<div class=\"elementor-element elementor-element-6d147389 elementor-widget elementor-widget-text-editor\" data-id=\"6d147389\" data-element_type=\"widget\" data-widget_type=\"text-editor.default\">\n\t\t\t\t<div class=\"elementor-widget-container\">\n\t\t\t\t\t\t\t<p>Este curso avanza hacia ejercicios m\u00e1s avanzado que exigen un mayor grado de fuerza, equilibrio y coordinaci\u00f3n, brindando m\u00e1s opciones y desaf\u00edos en el Mat para clientes con una condici\u00f3n f\u00edsica optima, atletas o bailarines.<\/p>\t\t\t\t\t\t<\/div>\n\t\t\t\t<\/div>\n\t\t\t\t\t<\/div>\n\t\t\t\t<\/div>\n\t\t<div class=\"elementor-element elementor-element-1c7ec1c e-flex e-con-boxed e-con e-parent\" data-id=\"1c7ec1c\" data-element_type=\"container\" data-settings=\"{&quot;background_background&quot;:&quot;classic&quot;}\">\n\t\t\t\t\t<div class=\"e-con-inner\">\n\t\t\t\t<div class=\"elementor-element elementor-element-e33be22 elementor-widget elementor-widget-spacer\" data-id=\"e33be22\" data-element_type=\"widget\" data-widget_type=\"spacer.default\">\n\t\t\t\t<div class=\"elementor-widget-container\">\n\t\t\t\t\t<div class=\"elementor-spacer\">\n\t\t\t<div class=\"elementor-spacer-inner\"><\/div>\n\t\t<\/div>\n\t\t\t\t<\/div>\n\t\t\t\t<\/div>\n\t\t<div class=\"elementor-element elementor-element-338c0959 e-con-full e-flex e-con e-child\" data-id=\"338c0959\" data-element_type=\"container\">\n\t\t<div class=\"elementor-element elementor-element-d365b0e e-con-full e-flex e-con e-child\" data-id=\"d365b0e\" data-element_type=\"container\">\n\t\t<div class=\"elementor-element elementor-element-e298157 e-con-full e-flex e-con e-child\" data-id=\"e298157\" data-element_type=\"container\">\n\t\t\t\t<div class=\"elementor-element elementor-element-0b1a508 elementor-widget elementor-widget-text-editor\" data-id=\"0b1a508\" data-element_type=\"widget\" data-widget_type=\"text-editor.default\">\n\t\t\t\t<div class=\"elementor-widget-container\">\n\t\t\t\t\t\t\t<p>Lo que aprender\u00e9:\u00a0 \u00a0 <img decoding=\"async\" class=\"alignnone size-full wp-image-715\" src=\"https:\/\/peaceful-ellis.50-21-179-145.plesk.page\/wp-content\/uploads\/2024\/11\/Vector-3-1.png\" alt=\"\" width=\"70\" height=\"2\" \/><\/p>\t\t\t\t\t\t<\/div>\n\t\t\t\t<\/div>\n\t\t\t\t<\/div>\n\t\t<div class=\"elementor-element elementor-element-e405424 e-con-full e-flex e-con e-child\" data-id=\"e405424\" data-element_type=\"container\">\n\t\t\t\t<div class=\"elementor-element elementor-element-5c33931 elementor-widget elementor-widget-text-editor\" data-id=\"5c33931\" data-element_type=\"widget\" data-widget_type=\"text-editor.default\">\n\t\t\t\t<div class=\"elementor-widget-container\">\n\t\t\t\t\t\t\t<ul><li>Como incorporar los Principios de STOTT PILATES en los ejercicios avanzados.<br \/><br \/><\/li><li>Desglose completo de 13 nuevos ejercicios, incluidos los objetivos, el e\u0301nfasis muscular, la secuencia ideal de movimientos y sus m\u00faltiples modificaciones.<br \/><br \/><\/li><li>Utilizar varios componentes y accesorios para intensificar el repertorio y proporcionar un entrenamiento din\u00e1mico.<\/li><\/ul>\t\t\t\t\t\t<\/div>\n\t\t\t\t<\/div>\n\t\t\t\t<\/div>\n\t\t\t\t<\/div>\n\t\t\t\t<\/div>\n\t\t\t\t\t<\/div>\n\t\t\t\t<\/div>\n\t\t<div class=\"elementor-element elementor-element-182a615 e-con-full e-flex e-con e-parent\" data-id=\"182a615\" data-element_type=\"container\">\n\t\t<div class=\"elementor-element elementor-element-a36fcfe e-con-full e-flex e-con e-child\" data-id=\"a36fcfe\" data-element_type=\"container\" data-settings=\"{&quot;background_background&quot;:&quot;classic&quot;}\">\n\t\t<div class=\"elementor-element elementor-element-24a6306 e-con-full e-flex e-con e-child\" data-id=\"24a6306\" data-element_type=\"container\">\n\t\t\t\t<div class=\"elementor-element elementor-element-49389ee elementor-widget elementor-widget-image\" data-id=\"49389ee\" data-element_type=\"widget\" data-widget_type=\"image.default\">\n\t\t\t\t<div class=\"elementor-widget-container\">\n\t\t\t\t\t\t\t\t\t\t\t\t\t<img decoding=\"async\" width=\"90\" height=\"90\" src=\"https:\/\/peaceful-ellis.50-21-179-145.plesk.page\/wp-content\/uploads\/2024\/11\/Rectangle-28-1.png\" class=\"attachment-large size-large wp-image-487\" alt=\"\" \/>\t\t\t\t\t\t\t\t\t\t\t\t\t<\/div>\n\t\t\t\t<\/div>\n\t\t\t\t<div class=\"elementor-element elementor-element-02a9ffb elementor-widget elementor-widget-text-editor\" data-id=\"02a9ffb\" data-element_type=\"widget\" data-widget_type=\"text-editor.default\">\n\t\t\t\t<div class=\"elementor-widget-container\">\n\t\t\t\t\t\t\t<p>CECs:<\/p>\t\t\t\t\t\t<\/div>\n\t\t\t\t<\/div>\n\t\t\t\t<div class=\"elementor-element elementor-element-e37ac68 elementor-widget elementor-widget-text-editor\" data-id=\"e37ac68\" data-element_type=\"widget\" data-widget_type=\"text-editor.default\">\n\t\t\t\t<div class=\"elementor-widget-container\">\n\t\t\t\t\t\t\t<ul><li>0.6 STOTT PILATES<\/li><li>0.6 AS<\/li><\/ul>\t\t\t\t\t\t<\/div>\n\t\t\t\t<\/div>\n\t\t\t\t<\/div>\n\t\t\t\t<\/div>\n\t\t<div class=\"elementor-element elementor-element-e9d1b4a e-con-full e-flex e-con e-child\" data-id=\"e9d1b4a\" data-element_type=\"container\" data-settings=\"{&quot;background_background&quot;:&quot;classic&quot;}\">\n\t\t<div class=\"elementor-element elementor-element-82ade68 e-con-full e-flex e-con e-child\" data-id=\"82ade68\" data-element_type=\"container\">\n\t\t\t\t<div class=\"elementor-element elementor-element-6c62085 elementor-widget elementor-widget-image\" data-id=\"6c62085\" data-element_type=\"widget\" data-widget_type=\"image.default\">\n\t\t\t\t<div class=\"elementor-widget-container\">\n\t\t\t\t\t\t\t\t\t\t\t\t\t<img decoding=\"async\" width=\"90\" height=\"90\" src=\"https:\/\/peaceful-ellis.50-21-179-145.plesk.page\/wp-content\/uploads\/2024\/11\/Rectangle-29.png\" class=\"attachment-large size-large wp-image-489\" alt=\"\" \/>\t\t\t\t\t\t\t\t\t\t\t\t\t<\/div>\n\t\t\t\t<\/div>\n\t\t\t\t<div class=\"elementor-element elementor-element-7b0f0a1 elementor-widget elementor-widget-text-editor\" data-id=\"7b0f0a1\" data-element_type=\"widget\" data-widget_type=\"text-editor.default\">\n\t\t\t\t<div class=\"elementor-widget-container\">\n\t\t\t\t\t\t\t<p>Materiales requeridos:<\/p>\t\t\t\t\t\t<\/div>\n\t\t\t\t<\/div>\n\t\t\t\t<div class=\"elementor-element elementor-element-d257a9e elementor-widget elementor-widget-text-editor\" data-id=\"d257a9e\" data-element_type=\"widget\" data-widget_type=\"text-editor.default\">\n\t\t\t\t<div class=\"elementor-widget-container\">\n\t\t\t\t\t\t\t<ul><li><p>Manual: Matwork completo (de IMP) STOTT PILATES\u00ae Matwork avanzado, 4\u00aa ed.<\/p><\/li><\/ul>\t\t\t\t\t\t<\/div>\n\t\t\t\t<\/div>\n\t\t\t\t<\/div>\n\t\t\t\t<\/div>\n\t\t<div class=\"elementor-element elementor-element-40c2321 e-con-full e-flex e-con e-child\" data-id=\"40c2321\" data-element_type=\"container\" data-settings=\"{&quot;background_background&quot;:&quot;classic&quot;}\">\n\t\t<div class=\"elementor-element elementor-element-a94f3b1 e-con-full e-flex e-con e-child\" data-id=\"a94f3b1\" data-element_type=\"container\">\n\t\t\t\t<div class=\"elementor-element elementor-element-7e1fb41 elementor-widget elementor-widget-image\" data-id=\"7e1fb41\" data-element_type=\"widget\" data-widget_type=\"image.default\">\n\t\t\t\t<div class=\"elementor-widget-container\">\n\t\t\t\t\t\t\t\t\t\t\t\t\t<img loading=\"lazy\" decoding=\"async\" width=\"90\" height=\"90\" src=\"https:\/\/peaceful-ellis.50-21-179-145.plesk.page\/wp-content\/uploads\/2024\/11\/Rectangle-30.png\" class=\"attachment-large size-large wp-image-488\" alt=\"\" \/>\t\t\t\t\t\t\t\t\t\t\t\t\t<\/div>\n\t\t\t\t<\/div>\n\t\t\t\t<div class=\"elementor-element elementor-element-0618cc7 elementor-widget elementor-widget-text-editor\" data-id=\"0618cc7\" data-element_type=\"widget\" data-widget_type=\"text-editor.default\">\n\t\t\t\t<div class=\"elementor-widget-container\">\n\t\t\t\t\t\t\t<p>Capacidad:<\/p>\t\t\t\t\t\t<\/div>\n\t\t\t\t<\/div>\n\t\t\t\t<div class=\"elementor-element elementor-element-e4c5c74 elementor-widget elementor-widget-text-editor\" data-id=\"e4c5c74\" data-element_type=\"widget\" data-widget_type=\"text-editor.default\">\n\t\t\t\t<div class=\"elementor-widget-container\">\n\t\t\t\t\t\t\t<p>M\u00e1ximo 12 participantes<\/p>\t\t\t\t\t\t<\/div>\n\t\t\t\t<\/div>\n\t\t\t\t<\/div>\n\t\t\t\t<\/div>\n\t\t\t\t<\/div>\n\t\t<div class=\"elementor-element elementor-element-5dfbcc9 e-flex e-con-boxed e-con e-parent\" data-id=\"5dfbcc9\" data-element_type=\"container\">\n\t\t\t\t\t<div class=\"e-con-inner\">\n\t\t<div class=\"elementor-element elementor-element-ea55975 e-con-full e-flex e-con e-child\" data-id=\"ea55975\" data-element_type=\"container\">\n\t\t\t\t<div class=\"elementor-element elementor-element-baf54c6 elementor-widget elementor-widget-text-editor\" data-id=\"baf54c6\" data-element_type=\"widget\" data-widget_type=\"text-editor.default\">\n\t\t\t\t<div class=\"elementor-widget-container\">\n\t\t\t\t\t\t\t<p><strong>Requisitos previos:<\/strong><\/p><ul><li>Formaci\u00f3n STOTT PILATES\u00ae INTENSIVE MAT-PLUSTM<\/li><\/ul><p>\u00a0<\/p><p><strong>Duraci\u00f3n:<\/strong><\/p><ul><li>6 horas de instrucci\u00f3n en clase y ense\u00f1anza supervisada por Instructor Trainer certificado de STOTT PILATES.<\/li><\/ul>\t\t\t\t\t\t<\/div>\n\t\t\t\t<\/div>\n\t\t\t\t<\/div>\n\t\t<div class=\"elementor-element elementor-element-1a26718 e-con-full e-flex e-con e-child\" data-id=\"1a26718\" data-element_type=\"container\">\n\t\t\t\t<div class=\"elementor-element elementor-element-ded30ef elementor-widget elementor-widget-image\" data-id=\"ded30ef\" data-element_type=\"widget\" data-widget_type=\"image.default\">\n\t\t\t\t<div class=\"elementor-widget-container\">\n\t\t\t\t\t\t\t\t\t\t\t\t\t<img loading=\"lazy\" decoding=\"async\" width=\"654\" height=\"288\" src=\"https:\/\/peaceful-ellis.50-21-179-145.plesk.page\/wp-content\/uploads\/2024\/11\/Rectangle-3.png\" class=\"attachment-large size-large wp-image-321\" alt=\"\" srcset=\"https:\/\/peaceful-ellis.50-21-179-145.plesk.page\/wp-content\/uploads\/2024\/11\/Rectangle-3.png 654w, https:\/\/peaceful-ellis.50-21-179-145.plesk.page\/wp-content\/uploads\/2024\/11\/Rectangle-3-300x132.png 300w\" sizes=\"(max-width: 654px) 100vw, 654px\" \/>\t\t\t\t\t\t\t\t\t\t\t\t\t<\/div>\n\t\t\t\t<\/div>\n\t\t\t\t<\/div>\n\t\t\t\t\t<\/div>\n\t\t\t\t<\/div>\n\t\t<div class=\"elementor-element elementor-element-3b55267 e-flex e-con-boxed e-con e-parent\" data-id=\"3b55267\" data-element_type=\"container\">\n\t\t\t\t\t<div class=\"e-con-inner\">\n\t\t<div class=\"elementor-element elementor-element-3156a2de e-con-full e-flex e-con e-child\" data-id=\"3156a2de\" data-element_type=\"container\">\n\t\t\t\t<div class=\"elementor-element elementor-element-19e3d4ff elementor-widget elementor-widget-text-editor\" data-id=\"19e3d4ff\" data-element_type=\"widget\" data-widget_type=\"text-editor.default\">\n\t\t\t\t<div class=\"elementor-widget-container\">\n\t\t\t\t\t\t\t\u00a1Cont\u00e1ctanos!\u00a0 \u00a0 <img loading=\"lazy\" decoding=\"async\" class=\"alignnone size-full wp-image-130\" src=\"https:\/\/peaceful-ellis.50-21-179-145.plesk.page\/wp-content\/uploads\/2024\/11\/Vector-2.png\" alt=\"\" width=\"70\" height=\"2\" \/>\t\t\t\t\t\t<\/div>\n\t\t\t\t<\/div>\n\t\t\t\t<div class=\"elementor-element elementor-element-1d48a896 elementor-widget elementor-widget-image\" data-id=\"1d48a896\" data-element_type=\"widget\" data-widget_type=\"image.default\">\n\t\t\t\t<div class=\"elementor-widget-container\">\n\t\t\t\t\t\t\t\t\t\t\t\t\t<img loading=\"lazy\" decoding=\"async\" width=\"580\" height=\"1024\" src=\"https:\/\/peaceful-ellis.50-21-179-145.plesk.page\/wp-content\/uploads\/2024\/12\/DSC01613-2-580x1024.jpg\" class=\"attachment-large size-large wp-image-925\" alt=\"\" srcset=\"https:\/\/peaceful-ellis.50-21-179-145.plesk.page\/wp-content\/uploads\/2024\/12\/DSC01613-2-580x1024.jpg 580w, https:\/\/peaceful-ellis.50-21-179-145.plesk.page\/wp-content\/uploads\/2024\/12\/DSC01613-2-170x300.jpg 170w, https:\/\/peaceful-ellis.50-21-179-145.plesk.page\/wp-content\/uploads\/2024\/12\/DSC01613-2-768x1356.jpg 768w, https:\/\/peaceful-ellis.50-21-179-145.plesk.page\/wp-content\/uploads\/2024\/12\/DSC01613-2.jpg 800w\" sizes=\"(max-width: 580px) 100vw, 580px\" \/>\t\t\t\t\t\t\t\t\t\t\t\t\t<\/div>\n\t\t\t\t<\/div>\n\t\t\t\t<\/div>\n\t\t<div class=\"elementor-element elementor-element-6ffb586b e-con-full e-flex e-con e-child\" data-id=\"6ffb586b\" data-element_type=\"container\">\n\t\t\t\t<div class=\"elementor-element elementor-element-33d3dd9e elementor-widget elementor-widget-shortcode\" data-id=\"33d3dd9e\" data-element_type=\"widget\" data-widget_type=\"shortcode.default\">\n\t\t\t\t<div class=\"elementor-widget-container\">\n\t\t\t\t\t<div class=\"elementor-shortcode\"><div class=\"forminator-ui forminator-custom-form forminator-custom-form-830 forminator-design--material  forminator_ajax\" data-forminator-render=\"0\" data-form=\"forminator-module-830\" data-uid=\"69f2d0e92ff3a\"><br\/><\/div><form\n\t\t\t\tid=\"forminator-module-830\"\n\t\t\t\tclass=\"forminator-ui forminator-custom-form forminator-custom-form-830 forminator-design--material  forminator_ajax\"\n\t\t\t\tmethod=\"post\"\n\t\t\t\tdata-forminator-render=\"0\"\n\t\t\t\tdata-form-id=\"830\"\n\t\t\t\t\n\t\t\t\tdata-design=\"material\"\n\t\t\t\t\n\t\t\t\t\n\t\t\t\t\n\t\t\t\tdata-grid=\"open\"\n\t\t\t\tenctype=\"multipart\/form-data\"\n\t\t\t\t\n\t\t\t\tstyle=\"display: none;\"\n\t\t\t\t\n\t\t\t\tdata-uid=\"69f2d0e92ff3a\"\n\t\t\t><div role=\"alert\" aria-live=\"polite\" class=\"forminator-response-message forminator-error\" aria-hidden=\"true\"><\/div><div class=\"forminator-row\"><div id=\"name-1\" class=\"forminator-field-name forminator-col forminator-col-12 \"><div class=\"forminator-field\"><label for=\"forminator-field-name-1_69f2d0e92ff3a\" id=\"forminator-field-name-1_69f2d0e92ff3a-label\" class=\"forminator-label\">Nombre<\/label><input type=\"text\" name=\"name-1\" value=\"\" placeholder=\"Nombre\" id=\"forminator-field-name-1_69f2d0e92ff3a\" class=\"forminator-input forminator-name--field\" aria-required=\"false\" \/><\/div><\/div><\/div><div class=\"forminator-row\"><div id=\"phone-1\" class=\"forminator-field-phone forminator-col forminator-col-12 \"><div class=\"forminator-field\"><label for=\"forminator-field-phone-1_69f2d0e92ff3a\" id=\"forminator-field-phone-1_69f2d0e92ff3a-label\" class=\"forminator-label\">Tel\u00e9fono<\/label><input type=\"text\" name=\"phone-1\" value=\"\" placeholder=\"Tel\u00e9fono\" id=\"forminator-field-phone-1_69f2d0e92ff3a\" class=\"forminator-input forminator-field--phone\" data-required=\"\" aria-required=\"false\" autocomplete=\"off\" \/><\/div><\/div><\/div><div class=\"forminator-row\"><div id=\"email-1\" class=\"forminator-field-email forminator-col forminator-col-12 \"><div class=\"forminator-field\"><label for=\"forminator-field-email-1_69f2d0e92ff3a\" id=\"forminator-field-email-1_69f2d0e92ff3a-label\" class=\"forminator-label\">Correo electr\u00f3nico<\/label><input type=\"email\" name=\"email-1\" value=\"\" placeholder=\"Correo electr\u00f3nico\" id=\"forminator-field-email-1_69f2d0e92ff3a\" class=\"forminator-input forminator-email--field\" data-required=\"\" aria-required=\"false\" \/><\/div><\/div><\/div><div class=\"forminator-row\"><div id=\"select-1\" class=\"forminator-field-select forminator-col forminator-col-12 \"><div class=\"forminator-field\"><label for=\"forminator-form-830__field--select-1_69f2d0e92ff3a\" id=\"forminator-form-830__field--select-1_69f2d0e92ff3a-label\" class=\"forminator-label\">Selecciona...<\/label><select  id=\"forminator-form-830__field--select-1_69f2d0e92ff3a\" class=\"forminator-select--field forminator-select2 forminator-select2-multiple\" data-required=\"\" name=\"select-1\" data-default-value=\"\" data-hidden-behavior=\"zero\" data-placeholder=\"Curso de inter\u00e9s\" data-search=\"false\" data-search-placeholder=\"Curso de inter\u00e9s\" data-checkbox=\"false\" data-allow-clear=\"false\" aria-labelledby=\"forminator-form-830__field--select-1_69f2d0e92ff3a-label\"><option value=\"\"  >Curso de inter\u00e9s<\/option><option value=\"one\"  data-calculation=\"0\">Mat Intensivo y Avanzado<\/option><option value=\"two\"  data-calculation=\"0\">Reformer intensivo<\/option><option value=\"Reformer-Avanzado\"  data-calculation=\"0\">Reformer Avanzado<\/option><option value=\"Anatomia-y-biomec\u00e1nica\"  data-calculation=\"0\">Anatomia y biomec\u00e1nica<\/option><option value=\"Otro\"  data-calculation=\"0\">Otro<\/option><\/select><\/div><\/div><\/div><div class=\"forminator-row\"><div id=\"textarea-1\" class=\"forminator-field-textarea forminator-col forminator-col-12 \"><div class=\"forminator-field\"><label for=\"forminator-field-textarea-1_69f2d0e92ff3a\" id=\"forminator-field-textarea-1_69f2d0e92ff3a-label\" class=\"forminator-label\">Comentarios<\/label><textarea name=\"textarea-1\" placeholder=\"Comentarios\" id=\"forminator-field-textarea-1_69f2d0e92ff3a\" class=\"forminator-textarea\" rows=\"6\" style=\"min-height:140px;\" ><\/textarea><\/div><\/div><\/div><div class=\"forminator-row\"><div id=\"postdata-1\" class=\"forminator-field-postdata forminator-col forminator-col-12 \"><div class=\"forminator-row\"><div class=\"forminator-col forminator-col-12\"><div class=\"forminator-field\"><label for=\"forminator-field-post-title-postdata-1_69f2d0e92ff3a\" id=\"forminator-field-post-title-postdata-1_69f2d0e92ff3a-label\" class=\"forminator-label\">Post Title<\/label><input type=\"text\" name=\"postdata-1-post-title\" placeholder=\"\" id=\"forminator-field-post-title-postdata-1_69f2d0e92ff3a\" class=\"forminator-input\" value=\"\" \/><\/div><\/div><\/div><\/div><\/div><div class=\"forminator-row\"><div id=\"html-1\" class=\"forminator-field-html forminator-col forminator-col-12 \"><div class=\"forminator-field forminator-merge-tags\" data-field=\"html-1\"><p>*Tus datos son confidenciales.<br>\u00a1Gracias por contactarnos!<\/p><\/div><\/div><\/div><input type=\"hidden\" name=\"referer_url\" value=\"\" \/><div class=\"forminator-row forminator-row-last\"><div class=\"forminator-col\"><div class=\"forminator-field\"><button class=\"forminator-button forminator-button-submit\"><span>Enviar<\/span><span aria-hidden=\"true\"><\/span><\/button><\/div><\/div><\/div><input type=\"hidden\" id=\"forminator_nonce\" name=\"forminator_nonce\" value=\"af55810ad2\" \/><input type=\"hidden\" name=\"_wp_http_referer\" value=\"\/index.php?rest_route=%2Fwp%2Fv2%2Fpages%2F1062\" \/><input type=\"hidden\" name=\"form_id\" value=\"830\"><input type=\"hidden\" name=\"page_id\" value=\"1062\"><input type=\"hidden\" name=\"form_type\" value=\"default\"><input type=\"hidden\" name=\"current_url\" value=\"https:\/\/peaceful-ellis.50-21-179-145.plesk.page\/?page_id=1062\"><input type=\"hidden\" name=\"render_id\" value=\"0\"><input type=\"hidden\" name=\"action\" value=\"forminator_submit_form_custom-forms\"><\/form><\/div>\n\t\t\t\t<\/div>\n\t\t\t\t<\/div>\n\t\t\t\t<\/div>\n\t\t\t\t\t<\/div>\n\t\t\t\t<\/div>\n\t\t\t\t<\/div>\n\t\t","protected":false},"excerpt":{"rendered":"<p>STOTT PILATES\u00ae ADVANCED MATWORK Este curso avanza hacia ejercicios m\u00e1s avanzado que exigen un mayor grado de fuerza, equilibrio y coordinaci\u00f3n, brindando m\u00e1s opciones y desaf\u00edos en el Mat para clientes con una condici\u00f3n f\u00edsica optima, atletas o bailarines. Lo que aprender\u00e9:\u00a0 \u00a0 Como incorporar los Principios de STOTT PILATES en los ejercicios avanzados. Desglose [&hellip;]<\/p>\n","protected":false},"author":2,"featured_media":0,"parent":0,"menu_order":0,"comment_status":"closed","ping_status":"closed","template":"","meta":{"footnotes":""},"class_list":["post-1062","page","type-page","status-publish","hentry"],"_links":{"self":[{"href":"https:\/\/peaceful-ellis.50-21-179-145.plesk.page\/index.php?rest_route=\/wp\/v2\/pages\/1062","targetHints":{"allow":["GET"]}}],"collection":[{"href":"https:\/\/peaceful-ellis.50-21-179-145.plesk.page\/index.php?rest_route=\/wp\/v2\/pages"}],"about":[{"href":"https:\/\/peaceful-ellis.50-21-179-145.plesk.page\/index.php?rest_route=\/wp\/v2\/types\/page"}],"author":[{"embeddable":true,"href":"https:\/\/peaceful-ellis.50-21-179-145.plesk.page\/index.php?rest_route=\/wp\/v2\/users\/2"}],"replies":[{"embeddable":true,"href":"https:\/\/peaceful-ellis.50-21-179-145.plesk.page\/index.php?rest_route=%2Fwp%2Fv2%2Fcomments&post=1062"}],"version-history":[{"count":4,"href":"https:\/\/peaceful-ellis.50-21-179-145.plesk.page\/index.php?rest_route=\/wp\/v2\/pages\/1062\/revisions"}],"predecessor-version":[{"id":1075,"href":"https:\/\/peaceful-ellis.50-21-179-145.plesk.page\/index.php?rest_route=\/wp\/v2\/pages\/1062\/revisions\/1075"}],"wp:attachment":[{"href":"https:\/\/peaceful-ellis.50-21-179-145.plesk.page\/index.php?rest_route=%2Fwp%2Fv2%2Fmedia&parent=1062"}],"curies":[{"name":"wp","href":"https:\/\/api.w.org\/{rel}","templated":true}]}}